{"id":38,"date":"2021-10-26T20:00:43","date_gmt":"2021-10-26T20:00:43","guid":{"rendered":"https:\/\/www.activogrid.com\/?page_id=38"},"modified":"2023-11-04T12:43:57","modified_gmt":"2023-11-04T10:43:57","slug":"about-us","status":"publish","type":"page","link":"https:\/\/www.activogrid.com\/en\/about-us\/","title":{"rendered":"About us"},"content":{"rendered":"<div class=\"wpb-content-wrapper\"><div class=\"vc_row element-row row highend_69ec9a4d33ca4\"><div class=\"wpb_column vc_column_container vc_col-sm-12\"><div class=\"vc_column-inner\"><div class=\"wpb_wrapper\"><div class=\"vc_separator wpb_content_element vc_separator_align_center vc_sep_width_100 vc_sep_pos_align_center vc_sep_color_grey wpb_content_element vc_separator-has-text\" ><span class=\"vc_sep_holder vc_sep_holder_l\"><span class=\"vc_sep_line\"><\/span><\/span><h4><span class=\"ez-toc-section\" id=\"Nuestros_inicios\"><\/span>Our beginnings<span class=\"ez-toc-section-end\"><\/span><\/h4><span class=\"vc_sep_holder vc_sep_holder_r\"><span class=\"vc_sep_line\"><\/span><\/span>\n<\/div>\n\t<div class=\"wpb_text_column wpb_content_element\" >\n\t\t<div class=\"wpb_wrapper\">\n\t\t\t<p>Activo Grid SL was founded in 2021 by engineering consultants in the field of electrical infrastructure and renewable energies. The services offered by Activo Grid SL are based on the extensive experience acquired in the United Kingdom working in leading companies in the building and energy consulting sector where they developed leadership roles in flagship projects mainly in the Middle East region. After this experience, they moved to the region of Murcia due to the abundance of opportunities in terms of renewables. While maintaining established professional ties, Activo Grid SL develops services and establishes commercial connections with businesses and industry in the region.<\/p>\n\n\t\t<\/div>\n\t<\/div>\n<div class=\"vc_separator wpb_content_element vc_separator_align_center vc_sep_width_100 vc_sep_pos_align_center vc_sep_color_grey wpb_content_element vc_separator-has-text\" ><span class=\"vc_sep_holder vc_sep_holder_l\"><span class=\"vc_sep_line\"><\/span><\/span><h4><span class=\"ez-toc-section\" id=\"Mision\"><\/span>Mission<span class=\"ez-toc-section-end\"><\/span><\/h4><span class=\"vc_sep_holder vc_sep_holder_r\"><span class=\"vc_sep_line\"><\/span><\/span>\n<\/div><div class=\"shortcode-wrapper shortcode-callout clearfix\"><div class=\"hb-callout-box\"><h3 class=\"clear-r-margin\"><span class=\"ez-toc-section\" id=\"Lo_que_nos_impulsa_es_apoyar_y_guiar_a_nuestros_clientes_en_las_decisiones_estrategicas_y_diseno_de_sistemas_energeticos_sostenibles_que_reviertan_en_un_impacto_positivo_en_las_finanzas_de_la_empresa_y_en_la_lucha_contra_el_cambio_climatico\"><\/span>\n<p style=\"text-align: center;\">What drives us is to support and guide our clients in strategic decisions and design of sustainable energy systems that have a positive impact on the company&#039;s finances and in the fight against climate change.<\/p>\n<span class=\"ez-toc-section-end\"><\/span><\/h3><\/div><\/div><div class=\"vc_separator wpb_content_element vc_separator_align_center vc_sep_width_100 vc_sep_pos_align_center vc_sep_color_grey wpb_content_element vc_separator-has-text\" ><span class=\"vc_sep_holder vc_sep_holder_l\"><span class=\"vc_sep_line\"><\/span><\/span><h4><span class=\"ez-toc-section\" id=\"Vision\"><\/span>Vision<span class=\"ez-toc-section-end\"><\/span><\/h4><span class=\"vc_sep_holder vc_sep_holder_r\"><span class=\"vc_sep_line\"><\/span><\/span>\n<\/div><div class=\"shortcode-wrapper shortcode-callout clearfix\"><div class=\"hb-callout-box\"><h3 class=\"clear-r-margin\"><span class=\"ez-toc-section\" id=\"Nuestro_objetivo_es_posicionarnos_como_consultoria_referente_como_expertos_en_la_innovacion_de_servicios_energeticos_e_influenciar_politicas_a_nivel_local_y_regional_que_faciliten_la_integracion_de_estas_tecnologias\"><\/span>\n<p style=\"text-align: center;\">Our objective is to position ourselves as a leading consultancy as experts in the innovation of energy services and influence policies at the local and regional level that facilitate the integration of these technologies.<\/p>\n<span class=\"ez-toc-section-end\"><\/span><\/h3><\/div><\/div><\/div><\/div><\/div><\/div>\n<\/div>","protected":false},"excerpt":{"rendered":"Nuestros inicios Activo Grid S.L. se fund\u00f3 en el 2021 por consultores ingenieros del campo de la infraestructura el\u00e9ctrica y las energ\u00edas renovables. Los servicios ofrecidos por Activo Grid S.L. se fundamentan en la extensa experiencia adquirida en el Reino Unido trabajando en compa\u00f1\u00edas l\u00edderes del sector de consultor\u00eda en la edificaci\u00f3n y la energ\u00eda [...]","protected":false},"author":1,"featured_media":0,"parent":0,"menu_order":0,"comment_status":"closed","ping_status":"closed","template":"","meta":{"nf_dc_page":"","footnotes":""},"categories":[],"tags":[],"class_list":["post-38","page","type-page","status-publish","hentry"],"yoast_head":"<!-- This site is optimized with the Yoast SEO plugin v27.4 - https:\/\/yoast.com\/product\/yoast-seo-wordpress\/ -->\n<title>Sobre Nosotros - Activo Grid<\/title>\n<meta name=\"robots\" content=\"index, follow, max-snippet:-1, max-image-preview:large, max-video-preview:-1\" \/>\n<link rel=\"canonical\" href=\"https:\/\/www.activogrid.com\/en\/about-us\/\" \/>\n<meta property=\"og:locale\" content=\"en_GB\" \/>\n<meta property=\"og:type\" content=\"article\" \/>\n<meta property=\"og:title\" content=\"Sobre Nosotros - Activo Grid\" \/>\n<meta property=\"og:url\" content=\"https:\/\/www.activogrid.com\/en\/about-us\/\" \/>\n<meta property=\"og:site_name\" content=\"Activo Grid\" \/>\n<meta property=\"article:modified_time\" content=\"2023-11-04T10:43:57+00:00\" \/>\n<meta name=\"twitter:card\" content=\"summary_large_image\" \/>\n<meta name=\"twitter:label1\" content=\"Estimated reading time\" \/>\n\t<meta name=\"twitter:data1\" content=\"1 minute\" \/>\n<script type=\"application\/ld+json\" class=\"yoast-schema-graph\">{\"@context\":\"https:\\\/\\\/schema.org\",\"@graph\":[{\"@type\":\"WebPage\",\"@id\":\"https:\\\/\\\/www.activogrid.com\\\/about-us\\\/\",\"url\":\"https:\\\/\\\/www.activogrid.com\\\/about-us\\\/\",\"name\":\"Sobre Nosotros - Activo Grid\",\"isPartOf\":{\"@id\":\"https:\\\/\\\/www.activogrid.com\\\/#website\"},\"datePublished\":\"2021-10-26T20:00:43+00:00\",\"dateModified\":\"2023-11-04T10:43:57+00:00\",\"breadcrumb\":{\"@id\":\"https:\\\/\\\/www.activogrid.com\\\/about-us\\\/#breadcrumb\"},\"inLanguage\":\"en-GB\",\"potentialAction\":[{\"@type\":\"ReadAction\",\"target\":[\"https:\\\/\\\/www.activogrid.com\\\/about-us\\\/\"]}]},{\"@type\":\"BreadcrumbList\",\"@id\":\"https:\\\/\\\/www.activogrid.com\\\/about-us\\\/#breadcrumb\",\"itemListElement\":[{\"@type\":\"ListItem\",\"position\":1,\"name\":\"Inicio\",\"item\":\"https:\\\/\\\/www.activogrid.com\\\/\"},{\"@type\":\"ListItem\",\"position\":2,\"name\":\"Sobre Nosotros\"}]},{\"@type\":\"WebSite\",\"@id\":\"https:\\\/\\\/www.activogrid.com\\\/#website\",\"url\":\"https:\\\/\\\/www.activogrid.com\\\/\",\"name\":\"activogrid.com\",\"description\":\"\",\"publisher\":{\"@id\":\"https:\\\/\\\/www.activogrid.com\\\/#organization\"},\"potentialAction\":[{\"@type\":\"SearchAction\",\"target\":{\"@type\":\"EntryPoint\",\"urlTemplate\":\"https:\\\/\\\/www.activogrid.com\\\/?s={search_term_string}\"},\"query-input\":{\"@type\":\"PropertyValueSpecification\",\"valueRequired\":true,\"valueName\":\"search_term_string\"}}],\"inLanguage\":\"en-GB\"},{\"@type\":\"Organization\",\"@id\":\"https:\\\/\\\/www.activogrid.com\\\/#organization\",\"name\":\"activogrid.com\",\"url\":\"https:\\\/\\\/www.activogrid.com\\\/\",\"logo\":{\"@type\":\"ImageObject\",\"inLanguage\":\"en-GB\",\"@id\":\"https:\\\/\\\/www.activogrid.com\\\/#\\\/schema\\\/logo\\\/image\\\/\",\"url\":\"https:\\\/\\\/i0.wp.com\\\/www.activogrid.com\\\/wp-content\\\/uploads\\\/2021\\\/11\\\/Logo_Height_50.jpg?fit=239%2C50&ssl=1\",\"contentUrl\":\"https:\\\/\\\/i0.wp.com\\\/www.activogrid.com\\\/wp-content\\\/uploads\\\/2021\\\/11\\\/Logo_Height_50.jpg?fit=239%2C50&ssl=1\",\"width\":239,\"height\":50,\"caption\":\"activogrid.com\"},\"image\":{\"@id\":\"https:\\\/\\\/www.activogrid.com\\\/#\\\/schema\\\/logo\\\/image\\\/\"}}]}<\/script>\n<!-- \/ Yoast SEO plugin. -->","yoast_head_json":{"title":"Sobre Nosotros - Activo Grid","robots":{"index":"index","follow":"follow","max-snippet":"max-snippet:-1","max-image-preview":"max-image-preview:large","max-video-preview":"max-video-preview:-1"},"canonical":"https:\/\/www.activogrid.com\/en\/about-us\/","og_locale":"en_GB","og_type":"article","og_title":"Sobre Nosotros - Activo Grid","og_url":"https:\/\/www.activogrid.com\/en\/about-us\/","og_site_name":"Activo Grid","article_modified_time":"2023-11-04T10:43:57+00:00","twitter_card":"summary_large_image","twitter_misc":{"Estimated reading time":"1 minute"},"schema":{"@context":"https:\/\/schema.org","@graph":[{"@type":"WebPage","@id":"https:\/\/www.activogrid.com\/about-us\/","url":"https:\/\/www.activogrid.com\/about-us\/","name":"Sobre Nosotros - Activo Grid","isPartOf":{"@id":"https:\/\/www.activogrid.com\/#website"},"datePublished":"2021-10-26T20:00:43+00:00","dateModified":"2023-11-04T10:43:57+00:00","breadcrumb":{"@id":"https:\/\/www.activogrid.com\/about-us\/#breadcrumb"},"inLanguage":"en-GB","potentialAction":[{"@type":"ReadAction","target":["https:\/\/www.activogrid.com\/about-us\/"]}]},{"@type":"BreadcrumbList","@id":"https:\/\/www.activogrid.com\/about-us\/#breadcrumb","itemListElement":[{"@type":"ListItem","position":1,"name":"Inicio","item":"https:\/\/www.activogrid.com\/"},{"@type":"ListItem","position":2,"name":"Sobre Nosotros"}]},{"@type":"WebSite","@id":"https:\/\/www.activogrid.com\/#website","url":"https:\/\/www.activogrid.com\/","name":"activogrid.com","description":"","publisher":{"@id":"https:\/\/www.activogrid.com\/#organization"},"potentialAction":[{"@type":"SearchAction","target":{"@type":"EntryPoint","urlTemplate":"https:\/\/www.activogrid.com\/?s={search_term_string}"},"query-input":{"@type":"PropertyValueSpecification","valueRequired":true,"valueName":"search_term_string"}}],"inLanguage":"en-GB"},{"@type":"Organization","@id":"https:\/\/www.activogrid.com\/#organization","name":"activogrid.com","url":"https:\/\/www.activogrid.com\/","logo":{"@type":"ImageObject","inLanguage":"en-GB","@id":"https:\/\/www.activogrid.com\/#\/schema\/logo\/image\/","url":"https:\/\/i0.wp.com\/www.activogrid.com\/wp-content\/uploads\/2021\/11\/Logo_Height_50.jpg?fit=239%2C50&ssl=1","contentUrl":"https:\/\/i0.wp.com\/www.activogrid.com\/wp-content\/uploads\/2021\/11\/Logo_Height_50.jpg?fit=239%2C50&ssl=1","width":239,"height":50,"caption":"activogrid.com"},"image":{"@id":"https:\/\/www.activogrid.com\/#\/schema\/logo\/image\/"}}]}},"jetpack_sharing_enabled":true,"_links":{"self":[{"href":"https:\/\/www.activogrid.com\/en\/wp-json\/wp\/v2\/pages\/38","targetHints":{"allow":["GET"]}}],"collection":[{"href":"https:\/\/www.activogrid.com\/en\/wp-json\/wp\/v2\/pages"}],"about":[{"href":"https:\/\/www.activogrid.com\/en\/wp-json\/wp\/v2\/types\/page"}],"author":[{"embeddable":true,"href":"https:\/\/www.activogrid.com\/en\/wp-json\/wp\/v2\/users\/1"}],"replies":[{"embeddable":true,"href":"https:\/\/www.activogrid.com\/en\/wp-json\/wp\/v2\/comments?post=38"}],"version-history":[{"count":5,"href":"https:\/\/www.activogrid.com\/en\/wp-json\/wp\/v2\/pages\/38\/revisions"}],"predecessor-version":[{"id":864,"href":"https:\/\/www.activogrid.com\/en\/wp-json\/wp\/v2\/pages\/38\/revisions\/864"}],"wp:attachment":[{"href":"https:\/\/www.activogrid.com\/en\/wp-json\/wp\/v2\/media?parent=38"}],"wp:term":[{"taxonomy":"category","embeddable":true,"href":"https:\/\/www.activogrid.com\/en\/wp-json\/wp\/v2\/categories?post=38"},{"taxonomy":"post_tag","embeddable":true,"href":"https:\/\/www.activogrid.com\/en\/wp-json\/wp\/v2\/tags?post=38"}],"curies":[{"name":"wp","href":"https:\/\/api.w.org\/{rel}","templated":true}]}}