{"id":522,"date":"2022-02-17T14:20:46","date_gmt":"2022-02-17T12:20:46","guid":{"rendered":"https:\/\/www.activogrid.com\/?page_id=522"},"modified":"2023-11-03T19:05:40","modified_gmt":"2023-11-03T17:05:40","slug":"energy-strategy","status":"publish","type":"page","link":"https:\/\/www.activogrid.com\/en\/servicios\/energy-strategy\/","title":{"rendered":"Business energy strategy"},"content":{"rendered":"<div class=\"wpb-content-wrapper\"><div class=\"vc_row element-row row highend_69ea49d384620\"><div class=\"wpb_column vc_column_container vc_col-sm-12\"><div class=\"vc_column-inner\"><div class=\"wpb_wrapper\">\n\t<div class=\"wpb_text_column wpb_content_element\" >\n\t\t<div class=\"wpb_wrapper\">\n\t\t\t<p>This service consists of presenting the client with strategic options to improve their energy systems. We provide a unique, tailor-made solution for each client, considering all possibilities equally and drawing impartial conclusions based on consumption analysis.<\/p>\n\n\t\t<\/div>\n\t<\/div>\n<div class=\"vc_tta-container\" data-vc-action=\"collapseAll\"><div class=\"vc_general vc_tta vc_tta-accordion vc_tta-color-grey vc_tta-style-classic vc_tta-shape-rounded vc_tta-o-shape-group vc_tta-controls-align-default vc_tta-o-all-clickable\"><div class=\"vc_tta-panels-container\"><div class=\"vc_tta-panels\"><div class=\"vc_tta-panel\" id=\"1698932348465-326ba3b3-30b1\" data-vc-content=\".vc_tta-panel-body\"><div class=\"vc_tta-panel-heading\"><h6 class=\"vc_tta-panel-title vc_tta-controls-icon-position-left\"><span class=\"ez-toc-section\" id=\"Defininicion_comportamiento_energetico_de_la_actividad_empresarial\"><\/span><a href=\"#1698932348465-326ba3b3-30b1\" data-vc-accordion data-vc-container=\".vc_tta-container\"><span class=\"vc_tta-title-text\">Definition of energy behavior of business activity<\/span><i class=\"vc_tta-controls-icon vc_tta-controls-icon-plus\"><\/i><\/a><span class=\"ez-toc-section-end\"><\/span><\/h6><\/div><div class=\"vc_tta-panel-body\">\n\t<div class=\"wpb_text_column wpb_content_element\" >\n\t\t<div class=\"wpb_wrapper\">\n\t\t\t<ol>\n<li>Installation of digital meters to record instant and remote consumption data.<\/li>\n<li>Collect operational details of business activity that require energy.<\/li>\n<li>Data analysis. Identify inefficiencies and patterns in consumption.<\/li>\n<\/ol>\n\n\t\t<\/div>\n\t<\/div>\n<\/div><\/div><div class=\"vc_tta-panel\" id=\"1698932348466-9cf42c7e-3266\" data-vc-content=\".vc_tta-panel-body\"><div class=\"vc_tta-panel-heading\"><h6 class=\"vc_tta-panel-title vc_tta-controls-icon-position-left\"><span class=\"ez-toc-section\" id=\"Contexto_energetico_Oportunidades_y_Restricciones\"><\/span><a href=\"#1698932348466-9cf42c7e-3266\" data-vc-accordion data-vc-container=\".vc_tta-container\"><span class=\"vc_tta-title-text\">Energy context: Opportunities and Constraints<\/span><i class=\"vc_tta-controls-icon vc_tta-controls-icon-plus\"><\/i><\/a><span class=\"ez-toc-section-end\"><\/span><\/h6><\/div><div class=\"vc_tta-panel-body\">\n\t<div class=\"wpb_text_column wpb_content_element\" >\n\t\t<div class=\"wpb_wrapper\">\n\t\t\t<ol>\n<li>Identify energy efficiency opportunities<\/li>\n<li>Identify opportunities for power generation, energy storage and load control.<\/li>\n<li>Establish the energy context of the business and identify restrictions\/springboards: applicable regulations, electricity distributor, energy rates\/market.<\/li>\n<\/ol>\n\n\t\t<\/div>\n\t<\/div>\n<\/div><\/div><div class=\"vc_tta-panel\" id=\"1698932647219-4a3a5de9-d389\" data-vc-content=\".vc_tta-panel-body\"><div class=\"vc_tta-panel-heading\"><h6 class=\"vc_tta-panel-title vc_tta-controls-icon-position-left\"><span class=\"ez-toc-section\" id=\"Definicion_de_estrategias_energeticas\"><\/span><a href=\"#1698932647219-4a3a5de9-d389\" data-vc-accordion data-vc-container=\".vc_tta-container\"><span class=\"vc_tta-title-text\">Definition of energy strategies<\/span><i class=\"vc_tta-controls-icon vc_tta-controls-icon-plus\"><\/i><\/a><span class=\"ez-toc-section-end\"><\/span><\/h6><\/div><div class=\"vc_tta-panel-body\">\n\t<div class=\"wpb_text_column wpb_content_element\" >\n\t\t<div class=\"wpb_wrapper\">\n\t\t\t<ol>\n<li>Present results from previous phases and contrast the conclusions with the client&#039;s aspirations.<\/li>\n<li>Group actions into a limited number of strategies, which will make up the options to consider.<\/li>\n<li>Estimate the financial parameters for each strategy, e.g.: capital, return on investment, maintenance.<\/li>\n<li>Present the strategies and select one<\/li>\n<\/ol>\n\n\t\t<\/div>\n\t<\/div>\n<\/div><\/div><div class=\"vc_tta-panel\" id=\"1698933261954-00ef6ca2-e4f7\" data-vc-content=\".vc_tta-panel-body\"><div class=\"vc_tta-panel-heading\"><h6 class=\"vc_tta-panel-title vc_tta-controls-icon-position-left\"><span class=\"ez-toc-section\" id=\"Diseno_e_implementacion_de_la_estrategia_energetica\"><\/span><a href=\"#1698933261954-00ef6ca2-e4f7\" data-vc-accordion data-vc-container=\".vc_tta-container\"><span class=\"vc_tta-title-text\">Design and implementation of the energy strategy<\/span><i class=\"vc_tta-controls-icon vc_tta-controls-icon-plus\"><\/i><\/a><span class=\"ez-toc-section-end\"><\/span><\/h6><\/div><div class=\"vc_tta-panel-body\">\n\t<div class=\"wpb_text_column wpb_content_element\" >\n\t\t<div class=\"wpb_wrapper\">\n\t\t\t<p>Once the energy strategy to be implemented has been established, the process continues:<\/p>\n<ol>\n<li>Optimize the sizing of components, e.g.: number and power of electric chargers, photovoltaic panels, battery capacity and power<\/li>\n<li>Develop the electrical design for the integration of the different components<\/li>\n<li>Define component specifications, e.g.: type of modules, battery technology, inverter functions, controls.<\/li>\n<li>Evaluate contractor offers<\/li>\n<li>Coordinate and supervise the execution of work<\/li>\n<\/ol>\n\n\t\t<\/div>\n\t<\/div>\n<\/div><\/div><\/div><\/div><\/div><\/div><\/div><\/div><\/div><\/div>\n<\/div>","protected":false},"excerpt":{"rendered":"Este servicio consiste en presentar al cliente opciones estrat\u00e9gicas para mejorar sus sistemas energ\u00e9ticos. Aportamos una soluci\u00f3n \u00fanica y hecha a medida para cada cliente, contemplando todas las posibilidades por igual y extrayendo conclusiones imparciales y basadas en el an\u00e1lisis del consumo. Defininici\u00f3n comportamiento energ\u00e9tico de la actividad empresarial Instalaci\u00f3n de medidores digitales para registrar [...]","protected":false},"author":1,"featured_media":0,"parent":745,"menu_order":0,"comment_status":"closed","ping_status":"closed","template":"","meta":{"nf_dc_page":"","footnotes":""},"categories":[35],"tags":[52],"class_list":["post-522","page","type-page","status-publish","hentry","category-estrategia-energetica","tag-servicios"],"yoast_head":"<!-- This site is optimized with the Yoast SEO plugin v27.4 - https:\/\/yoast.com\/product\/yoast-seo-wordpress\/ -->\n<title>Estrateg\u00eda energ\u00e9tica de negocios - Activo Grid<\/title>\n<meta name=\"robots\" content=\"index, follow, max-snippet:-1, max-image-preview:large, max-video-preview:-1\" \/>\n<link rel=\"canonical\" href=\"https:\/\/www.activogrid.com\/en\/servicios\/energy-strategy\/\" \/>\n<meta property=\"og:locale\" content=\"en_GB\" \/>\n<meta property=\"og:type\" content=\"article\" \/>\n<meta property=\"og:title\" content=\"Estrateg\u00eda energ\u00e9tica de negocios - Activo Grid\" \/>\n<meta property=\"og:url\" content=\"https:\/\/www.activogrid.com\/en\/servicios\/energy-strategy\/\" \/>\n<meta property=\"og:site_name\" content=\"Activo Grid\" \/>\n<meta property=\"article:modified_time\" content=\"2023-11-03T17:05:40+00:00\" \/>\n<meta name=\"twitter:card\" content=\"summary_large_image\" \/>\n<meta name=\"twitter:label1\" content=\"Estimated reading time\" \/>\n\t<meta name=\"twitter:data1\" content=\"2 minutes\" \/>\n<script type=\"application\/ld+json\" class=\"yoast-schema-graph\">{\"@context\":\"https:\\\/\\\/schema.org\",\"@graph\":[{\"@type\":\"WebPage\",\"@id\":\"https:\\\/\\\/www.activogrid.com\\\/servicios\\\/energy-strategy\\\/\",\"url\":\"https:\\\/\\\/www.activogrid.com\\\/servicios\\\/energy-strategy\\\/\",\"name\":\"Estrateg\u00eda energ\u00e9tica de negocios - Activo Grid\",\"isPartOf\":{\"@id\":\"https:\\\/\\\/www.activogrid.com\\\/#website\"},\"datePublished\":\"2022-02-17T12:20:46+00:00\",\"dateModified\":\"2023-11-03T17:05:40+00:00\",\"breadcrumb\":{\"@id\":\"https:\\\/\\\/www.activogrid.com\\\/servicios\\\/energy-strategy\\\/#breadcrumb\"},\"inLanguage\":\"en-GB\",\"potentialAction\":[{\"@type\":\"ReadAction\",\"target\":[\"https:\\\/\\\/www.activogrid.com\\\/servicios\\\/energy-strategy\\\/\"]}]},{\"@type\":\"BreadcrumbList\",\"@id\":\"https:\\\/\\\/www.activogrid.com\\\/servicios\\\/energy-strategy\\\/#breadcrumb\",\"itemListElement\":[{\"@type\":\"ListItem\",\"position\":1,\"name\":\"Inicio\",\"item\":\"https:\\\/\\\/www.activogrid.com\\\/\"},{\"@type\":\"ListItem\",\"position\":2,\"name\":\"Servicios\",\"item\":\"https:\\\/\\\/www.activogrid.com\\\/servicios\\\/\"},{\"@type\":\"ListItem\",\"position\":3,\"name\":\"Estrateg\u00eda energ\u00e9tica de negocios\"}]},{\"@type\":\"WebSite\",\"@id\":\"https:\\\/\\\/www.activogrid.com\\\/#website\",\"url\":\"https:\\\/\\\/www.activogrid.com\\\/\",\"name\":\"activogrid.com\",\"description\":\"\",\"publisher\":{\"@id\":\"https:\\\/\\\/www.activogrid.com\\\/#organization\"},\"potentialAction\":[{\"@type\":\"SearchAction\",\"target\":{\"@type\":\"EntryPoint\",\"urlTemplate\":\"https:\\\/\\\/www.activogrid.com\\\/?s={search_term_string}\"},\"query-input\":{\"@type\":\"PropertyValueSpecification\",\"valueRequired\":true,\"valueName\":\"search_term_string\"}}],\"inLanguage\":\"en-GB\"},{\"@type\":\"Organization\",\"@id\":\"https:\\\/\\\/www.activogrid.com\\\/#organization\",\"name\":\"activogrid.com\",\"url\":\"https:\\\/\\\/www.activogrid.com\\\/\",\"logo\":{\"@type\":\"ImageObject\",\"inLanguage\":\"en-GB\",\"@id\":\"https:\\\/\\\/www.activogrid.com\\\/#\\\/schema\\\/logo\\\/image\\\/\",\"url\":\"https:\\\/\\\/i0.wp.com\\\/www.activogrid.com\\\/wp-content\\\/uploads\\\/2021\\\/11\\\/Logo_Height_50.jpg?fit=239%2C50&ssl=1\",\"contentUrl\":\"https:\\\/\\\/i0.wp.com\\\/www.activogrid.com\\\/wp-content\\\/uploads\\\/2021\\\/11\\\/Logo_Height_50.jpg?fit=239%2C50&ssl=1\",\"width\":239,\"height\":50,\"caption\":\"activogrid.com\"},\"image\":{\"@id\":\"https:\\\/\\\/www.activogrid.com\\\/#\\\/schema\\\/logo\\\/image\\\/\"}}]}<\/script>\n<!-- \/ Yoast SEO plugin. -->","yoast_head_json":{"title":"Estrateg\u00eda energ\u00e9tica de negocios - Activo Grid","robots":{"index":"index","follow":"follow","max-snippet":"max-snippet:-1","max-image-preview":"max-image-preview:large","max-video-preview":"max-video-preview:-1"},"canonical":"https:\/\/www.activogrid.com\/en\/servicios\/energy-strategy\/","og_locale":"en_GB","og_type":"article","og_title":"Estrateg\u00eda energ\u00e9tica de negocios - Activo Grid","og_url":"https:\/\/www.activogrid.com\/en\/servicios\/energy-strategy\/","og_site_name":"Activo Grid","article_modified_time":"2023-11-03T17:05:40+00:00","twitter_card":"summary_large_image","twitter_misc":{"Estimated reading time":"2 minutes"},"schema":{"@context":"https:\/\/schema.org","@graph":[{"@type":"WebPage","@id":"https:\/\/www.activogrid.com\/servicios\/energy-strategy\/","url":"https:\/\/www.activogrid.com\/servicios\/energy-strategy\/","name":"Estrateg\u00eda energ\u00e9tica de negocios - Activo Grid","isPartOf":{"@id":"https:\/\/www.activogrid.com\/#website"},"datePublished":"2022-02-17T12:20:46+00:00","dateModified":"2023-11-03T17:05:40+00:00","breadcrumb":{"@id":"https:\/\/www.activogrid.com\/servicios\/energy-strategy\/#breadcrumb"},"inLanguage":"en-GB","potentialAction":[{"@type":"ReadAction","target":["https:\/\/www.activogrid.com\/servicios\/energy-strategy\/"]}]},{"@type":"BreadcrumbList","@id":"https:\/\/www.activogrid.com\/servicios\/energy-strategy\/#breadcrumb","itemListElement":[{"@type":"ListItem","position":1,"name":"Inicio","item":"https:\/\/www.activogrid.com\/"},{"@type":"ListItem","position":2,"name":"Servicios","item":"https:\/\/www.activogrid.com\/servicios\/"},{"@type":"ListItem","position":3,"name":"Estrateg\u00eda energ\u00e9tica de negocios"}]},{"@type":"WebSite","@id":"https:\/\/www.activogrid.com\/#website","url":"https:\/\/www.activogrid.com\/","name":"activogrid.com","description":"","publisher":{"@id":"https:\/\/www.activogrid.com\/#organization"},"potentialAction":[{"@type":"SearchAction","target":{"@type":"EntryPoint","urlTemplate":"https:\/\/www.activogrid.com\/?s={search_term_string}"},"query-input":{"@type":"PropertyValueSpecification","valueRequired":true,"valueName":"search_term_string"}}],"inLanguage":"en-GB"},{"@type":"Organization","@id":"https:\/\/www.activogrid.com\/#organization","name":"activogrid.com","url":"https:\/\/www.activogrid.com\/","logo":{"@type":"ImageObject","inLanguage":"en-GB","@id":"https:\/\/www.activogrid.com\/#\/schema\/logo\/image\/","url":"https:\/\/i0.wp.com\/www.activogrid.com\/wp-content\/uploads\/2021\/11\/Logo_Height_50.jpg?fit=239%2C50&ssl=1","contentUrl":"https:\/\/i0.wp.com\/www.activogrid.com\/wp-content\/uploads\/2021\/11\/Logo_Height_50.jpg?fit=239%2C50&ssl=1","width":239,"height":50,"caption":"activogrid.com"},"image":{"@id":"https:\/\/www.activogrid.com\/#\/schema\/logo\/image\/"}}]}},"jetpack_sharing_enabled":true,"_links":{"self":[{"href":"https:\/\/www.activogrid.com\/en\/wp-json\/wp\/v2\/pages\/522","targetHints":{"allow":["GET"]}}],"collection":[{"href":"https:\/\/www.activogrid.com\/en\/wp-json\/wp\/v2\/pages"}],"about":[{"href":"https:\/\/www.activogrid.com\/en\/wp-json\/wp\/v2\/types\/page"}],"author":[{"embeddable":true,"href":"https:\/\/www.activogrid.com\/en\/wp-json\/wp\/v2\/users\/1"}],"replies":[{"embeddable":true,"href":"https:\/\/www.activogrid.com\/en\/wp-json\/wp\/v2\/comments?post=522"}],"version-history":[{"count":6,"href":"https:\/\/www.activogrid.com\/en\/wp-json\/wp\/v2\/pages\/522\/revisions"}],"predecessor-version":[{"id":797,"href":"https:\/\/www.activogrid.com\/en\/wp-json\/wp\/v2\/pages\/522\/revisions\/797"}],"up":[{"embeddable":true,"href":"https:\/\/www.activogrid.com\/en\/wp-json\/wp\/v2\/pages\/745"}],"wp:attachment":[{"href":"https:\/\/www.activogrid.com\/en\/wp-json\/wp\/v2\/media?parent=522"}],"wp:term":[{"taxonomy":"category","embeddable":true,"href":"https:\/\/www.activogrid.com\/en\/wp-json\/wp\/v2\/categories?post=522"},{"taxonomy":"post_tag","embeddable":true,"href":"https:\/\/www.activogrid.com\/en\/wp-json\/wp\/v2\/tags?post=522"}],"curies":[{"name":"wp","href":"https:\/\/api.w.org\/{rel}","templated":true}]}}